{"id":8,"date":"2025-12-12T14:57:33","date_gmt":"2025-12-12T14:57:33","guid":{"rendered":"https:\/\/le-sillon-conseil.fr\/?page_id=8"},"modified":"2026-01-16T16:01:18","modified_gmt":"2026-01-16T16:01:18","slug":"le-sillon-conseil","status":"publish","type":"page","link":"https:\/\/le-sillon-conseil.fr\/","title":{"rendered":"Le Sillon Conseil"},"content":{"rendered":"\n<div class=\"wp-block-group alignfull\" style=\"padding-top:var(--wp--preset--spacing--50);padding-right:var(--wp--preset--spacing--50);padding-bottom:var(--wp--preset--spacing--50);padding-left:var(--wp--preset--spacing--50)\"><div class=\"wp-block-group__inner-container is-layout-constrained wp-container-core-group-is-layout-f4d13f5d wp-block-group-is-layout-constrained\">\n<div class=\"wp-block-group\"><div class=\"wp-block-group__inner-container is-layout-constrained wp-container-core-group-is-layout-04692c70 wp-block-group-is-layout-constrained\">\n<h1 class=\"wp-block-heading has-text-align-left has-x-large-font-size\">Accompagnement  <\/h1>\n\n\n\n<div style=\"height:1.25rem\" aria-hidden=\"true\" class=\"wp-block-spacer\"><\/div>\n\n\n\n<p class=\"has-text-align-left\"><strong>Le Sillon Conseil<\/strong> accompagne les entreprises et leurs dirigeants dans leurs gestions administratives, recherches et structurations de financements <\/p>\n<\/div><\/div>\n\n\n\n<div style=\"height:var(--wp--preset--spacing--30)\" aria-hidden=\"true\" class=\"wp-block-spacer\"><\/div>\n\n\n\n<figure class=\"wp-block-image alignwide size-full is-style-rounded\"><img loading=\"lazy\" decoding=\"async\" width=\"279\" height=\"279\" src=\"https:\/\/le-sillon-conseil.fr\/wp-content\/uploads\/2026\/01\/logo-partenaire-1.png\" alt=\"\" class=\"wp-image-125\" srcset=\"https:\/\/le-sillon-conseil.fr\/wp-content\/uploads\/2026\/01\/logo-partenaire-1.png 279w, https:\/\/le-sillon-conseil.fr\/wp-content\/uploads\/2026\/01\/logo-partenaire-1-150x150.png 150w, https:\/\/le-sillon-conseil.fr\/wp-content\/uploads\/2026\/01\/logo-partenaire-1-100x100.png 100w\" sizes=\"auto, (max-width: 279px) 100vw, 279px\" \/><\/figure>\n<\/div><\/div>\n\n\n\n<div class=\"wp-block-group is-vertical is-content-justification-center is-layout-flex wp-container-core-group-is-layout-7681721f wp-block-group-is-layout-flex\">\n<ul class=\"wp-block-list\">\n<li class=\"has-medium-font-size\"><strong>Partenaire pour la gestion op\u00e9rationnelle de votre entreprise<\/strong>:<\/li>\n<\/ul>\n\n\n\n<p><mark style=\"background-color:rgba(0, 0, 0, 0)\" class=\"has-inline-color has-vivid-cyan-blue-color\">Tableaux de bord et suivi de gestion<\/mark> pour piloter, suivre son activit\u00e9 et projeter ses r\u00e9sultats <mark style=\"background-color:rgba(0, 0, 0, 0)\" class=\"has-inline-color has-vivid-cyan-blue-color\">G\u00e9rer les t\u00e2ches administratives courantes <\/mark>(facturation, devis, RH&#8230;)<\/p>\n\n\n\n<p><mark style=\"background-color:rgba(0, 0, 0, 0)\" class=\"has-inline-color has-vivid-cyan-blue-color\">Support au d\u00e9veloppement commercial <\/mark>(call, prospection, relation client fournisseur..) en pr\u00e9sentiel physique secteur grand ouest.<\/p>\n\n\n\n<p><\/p>\n\n\n\n<ul class=\"wp-block-list\">\n<li class=\"has-medium-font-size\"><strong>Partenaire pour le financement de votre entreprise<\/strong> :<\/li>\n<\/ul>\n\n\n\n<p><mark style=\"background-color:rgba(0, 0, 0, 0)\" class=\"has-inline-color has-vivid-cyan-blue-color\">Recherche de financements bancaires<\/mark> pour pr\u00e9parer et structurer ses demandes de pr\u00eats bancaires;<\/p>\n\n\n\n<p><mark style=\"background-color:rgba(0, 0, 0, 0)\" class=\"has-inline-color has-vivid-cyan-blue-color\">Recherche financements publics<\/mark> et subventions pour b\u00e9n\u00e9ficier des aides et subventions publiques;<\/p>\n\n\n\n<p><mark style=\"background-color:rgba(0, 0, 0, 0)\" class=\"has-inline-color has-vivid-cyan-blue-color\">Pr\u00e9paration de pr\u00e9visionnels <\/mark>pour projeter son activit\u00e9, son d\u00e9veloppement et anticiper les besoins de financements;<\/p>\n\n\n\n<p><mark style=\"background-color:rgba(0, 0, 0, 0)\" class=\"has-inline-color has-vivid-cyan-blue-color\">Pr\u00e9paration de decks supports de pr\u00e9sentation investisseurs<\/mark> pour pr\u00e9parer et optimiser les rdv avec les financeurs et le r\u00e9seau;<\/p>\n\n\n\n<p><mark style=\"background-color:rgba(0, 0, 0, 0)\" class=\"has-inline-color has-vivid-cyan-blue-color\">Mise en r\u00e9seaux et partenaires <\/mark>pour d\u00e9velopper ses relations commerciales et profiter des contacts experts.<\/p>\n<\/div>\n\n\n\n<div class=\"wp-block-group alignfull\" style=\"margin-top:0;margin-bottom:0;padding-top:var(--wp--preset--spacing--50);padding-right:var(--wp--preset--spacing--50);padding-bottom:var(--wp--preset--spacing--50);padding-left:var(--wp--preset--spacing--50)\"><div class=\"wp-block-group__inner-container is-layout-constrained wp-container-core-group-is-layout-9cf8f26d wp-block-group-is-layout-constrained\">\n<div class=\"wp-block-group alignfull\" style=\"padding-top:var(--wp--preset--spacing--50);padding-right:var(--wp--preset--spacing--50);padding-bottom:var(--wp--preset--spacing--50);padding-left:var(--wp--preset--spacing--50)\"><div class=\"wp-block-group__inner-container is-layout-constrained wp-container-core-group-is-layout-f4d13f5d wp-block-group-is-layout-constrained\">\n<h1 class=\"wp-block-heading has-text-align-left\"><strong><em>Dans son \u00e9cosyst\u00e8me r\u00e9gional<\/em><\/strong><\/h1>\n\n\n\n<p><\/p>\n\n\n\n<p class=\"has-text-align-left is-style-rounded\">Pour d\u00e9velopper son entreprise au sein de l&rsquo;\u00e9cosyst\u00e8me r\u00e9gional, avec les acteurs du d\u00e9veloppement \u00e9conomique:<\/p>\n\n\n\n<p><strong>1.Dispositifs r\u00e9gionaux d&rsquo;accompagnement \/ Subventions et financements publics:<\/strong><\/p>\n\n\n\n<ul class=\"wp-block-list\">\n<li><a href=\"https:\/\/le-sillon-conseil.fr\/index.php\/subventions-pour-les-entreprises-agricoles-et-agro-alimentaires-en-bretagne\/\" data-type=\"page\" data-id=\"83\">Subventions secteur Agro Alimentaire<\/a><\/li>\n\n\n\n<li><a href=\"https:\/\/le-sillon-conseil.fr\/index.php\/subventions-pour-les-entreprises-agricoles-et-agro-alimentaires-en-bretagne\/\" data-type=\"page\" data-id=\"83\">Subventions secteur Agricole<\/a><\/li>\n<\/ul>\n\n\n\n<p><strong>2.R\u00e9seau bancaire r\u00e9gional<\/strong><\/p>\n\n\n\n<p><strong>3.Soutien d&rsquo;acteurs institutionnels<\/strong><\/p>\n\n\n\n<p><strong>4.R\u00e9seaux alternatifs et solidaires<\/strong><\/p>\n\n\n\n<ul class=\"wp-block-list\"><\/ul>\n<\/div><\/div>\n<\/div><\/div>\n\n\n\n<div class=\"wp-block-buttons is-layout-flex wp-block-buttons-is-layout-flex\">\n<div class=\"wp-block-button\"><a class=\"wp-block-button__link wp-element-button\" href=\"https:\/\/le-sillon-conseil.fr\/index.php\/pour-nous-contacter\/\">Contact<\/a><\/div>\n<\/div>\n\n\n\n<p><\/p>\n","protected":false},"excerpt":{"rendered":"<p>Accompagnement Le Sillon Conseil accompagne les entreprises et leurs dirigeants dans leurs gestions administratives, recherches et structurations de financements Tableaux de bord et suivi de gestion pour piloter, suivre son activit\u00e9 et projeter ses r\u00e9sultats G\u00e9rer les t\u00e2ches administratives courantes (facturation, devis, RH&#8230;) Support au d\u00e9veloppement commercial (call, prospection, relation client fournisseur..) en pr\u00e9sentiel physique &hellip; <\/p>\n<p class=\"link-more\"><a href=\"https:\/\/le-sillon-conseil.fr\/\" class=\"more-link\">Continuer la lecture<span class=\"screen-reader-text\"> de &laquo;&nbsp;Le Sillon Conseil&nbsp;&raquo;<\/span><\/a><\/p>\n","protected":false},"author":1,"featured_media":0,"parent":0,"menu_order":0,"comment_status":"closed","ping_status":"closed","template":"","meta":{"footnotes":""},"class_list":["post-8","page","type-page","status-publish","hentry"],"jetpack_sharing_enabled":true,"_links":{"self":[{"href":"https:\/\/le-sillon-conseil.fr\/index.php\/wp-json\/wp\/v2\/pages\/8","targetHints":{"allow":["GET"]}}],"collection":[{"href":"https:\/\/le-sillon-conseil.fr\/index.php\/wp-json\/wp\/v2\/pages"}],"about":[{"href":"https:\/\/le-sillon-conseil.fr\/index.php\/wp-json\/wp\/v2\/types\/page"}],"author":[{"embeddable":true,"href":"https:\/\/le-sillon-conseil.fr\/index.php\/wp-json\/wp\/v2\/users\/1"}],"replies":[{"embeddable":true,"href":"https:\/\/le-sillon-conseil.fr\/index.php\/wp-json\/wp\/v2\/comments?post=8"}],"version-history":[{"count":40,"href":"https:\/\/le-sillon-conseil.fr\/index.php\/wp-json\/wp\/v2\/pages\/8\/revisions"}],"predecessor-version":[{"id":129,"href":"https:\/\/le-sillon-conseil.fr\/index.php\/wp-json\/wp\/v2\/pages\/8\/revisions\/129"}],"wp:attachment":[{"href":"https:\/\/le-sillon-conseil.fr\/index.php\/wp-json\/wp\/v2\/media?parent=8"}],"curies":[{"name":"wp","href":"https:\/\/api.w.org\/{rel}","templated":true}]}}