{"id":92,"date":"2026-01-06T20:06:07","date_gmt":"2026-01-06T20:06:07","guid":{"rendered":"https:\/\/le-sillon-conseil.fr\/?page_id=92"},"modified":"2026-01-16T17:14:18","modified_gmt":"2026-01-16T17:14:18","slug":"une-expertise-engagee-au-service-des-entreprises","status":"publish","type":"page","link":"https:\/\/le-sillon-conseil.fr\/index.php\/une-expertise-engagee-au-service-des-entreprises\/","title":{"rendered":"Une expertise engag\u00e9e \u00e0 votre service"},"content":{"rendered":"\n<p>Chez <strong>Le Sillon Conseil<\/strong>, nous accompagnons les entreprises dans leurs projets de d\u00e9veloppement, d&rsquo;investissement et de structuration, en apportant une expertise op\u00e9rationnelle et strat\u00e9gique, au plus pr\u00e8s des r\u00e9alit\u00e9s terrain.<\/p>\n\n\n\n<figure class=\"wp-block-image is-resized is-style-rounded\"><img decoding=\"async\" src=\"https:\/\/media.licdn.com\/dms\/image\/v2\/D4E03AQEyzlH2WXyynQ\/profile-displayphoto-shrink_800_800\/profile-displayphoto-shrink_800_800\/0\/1672416313776?e=1769040000&amp;v=beta&amp;t=7RkDkW8JTucs8l_MBG0JnYdHs_ZYPysI-shYqE_ix9M\" alt=\"image profil\" style=\"aspect-ratio:3\/4;object-fit:cover;width:188px;height:auto\"\/><\/figure>\n\n\n\n<p class=\"has-medium-font-size\"><strong>Jean-Christophe THIEBAULT<\/strong> \/ Fondateur &#8211;  Consultant principal<\/p>\n\n\n\n<p>Fort de plusieurs ann\u00e9es d&rsquo;exp\u00e9rience dans l&rsquo;accompagnement des entreprises, j&rsquo;interviens aupr\u00e8s des dirigeants pour structurer leurs projets, s\u00e9curiser leurs d\u00e9cisions et optimiser leurs d\u00e9marches de financement et de d\u00e9veloppement.<\/p>\n\n\n\n<p>Mon approche est \u00e0 la fois pragmatique, orient\u00e9e r\u00e9sultats et adapt\u00e9e aux enjeux sp\u00e9cifiques de chaque entreprise.<\/p>\n\n\n\n<p><\/p>\n\n\n\n<figure class=\"wp-block-image size-full is-resized is-style-rounded\"><img loading=\"lazy\" decoding=\"async\" width=\"328\" height=\"447\" src=\"https:\/\/le-sillon-conseil.fr\/wp-content\/uploads\/2026\/01\/AL-site-LSC-2.png\" alt=\"\" class=\"wp-image-133\" style=\"aspect-ratio:3\/4;object-fit:cover;width:188px\" srcset=\"https:\/\/le-sillon-conseil.fr\/wp-content\/uploads\/2026\/01\/AL-site-LSC-2.png 328w, https:\/\/le-sillon-conseil.fr\/wp-content\/uploads\/2026\/01\/AL-site-LSC-2-220x300.png 220w\" sizes=\"auto, (max-width: 328px) 100vw, 328px\" \/><\/figure>\n\n\n\n<p class=\"has-medium-font-size\"><strong>Anne-Laure THIEBAULT<\/strong> <strong>SAINT-MLEUX<\/strong> \/ Consultante <\/p>\n\n\n\n<p>Habitu\u00e9e \u00e0 \u00e9voluer aux c\u00f4t\u00e9s de dirigeants et d\u2019\u00e9quipes \u00e0 taille humaine, j\u2019interviens comme un appui op\u00e9rationnel fiable et agile, capable de prendre en main rapidement des missions transverses (administration, gestion, back-office ou d\u00e9veloppement commercial).<\/p>\n\n\n\n<p>Mon credo : efficacit\u00e9, clart\u00e9 et confiance .<br><\/p>\n\n\n\n<p>Alors n&rsquo;attendez plus, contactez- nous !<\/p>\n","protected":false},"excerpt":{"rendered":"<p>Chez Le Sillon Conseil, nous accompagnons les entreprises dans leurs projets de d\u00e9veloppement, d&rsquo;investissement et de structuration, en apportant une expertise op\u00e9rationnelle et strat\u00e9gique, au plus pr\u00e8s des r\u00e9alit\u00e9s terrain. Jean-Christophe THIEBAULT \/ Fondateur &#8211; Consultant principal Fort de plusieurs ann\u00e9es d&rsquo;exp\u00e9rience dans l&rsquo;accompagnement des entreprises, j&rsquo;interviens aupr\u00e8s des dirigeants pour structurer leurs projets, s\u00e9curiser &hellip; <\/p>\n<p class=\"link-more\"><a href=\"https:\/\/le-sillon-conseil.fr\/index.php\/une-expertise-engagee-au-service-des-entreprises\/\" class=\"more-link\">Continuer la lecture<span class=\"screen-reader-text\"> de &laquo;&nbsp;Une expertise engag\u00e9e \u00e0 votre service&nbsp;&raquo;<\/span><\/a><\/p>\n","protected":false},"author":1,"featured_media":0,"parent":0,"menu_order":0,"comment_status":"closed","ping_status":"closed","template":"","meta":{"footnotes":""},"class_list":["post-92","page","type-page","status-publish","hentry"],"jetpack_sharing_enabled":true,"_links":{"self":[{"href":"https:\/\/le-sillon-conseil.fr\/index.php\/wp-json\/wp\/v2\/pages\/92","targetHints":{"allow":["GET"]}}],"collection":[{"href":"https:\/\/le-sillon-conseil.fr\/index.php\/wp-json\/wp\/v2\/pages"}],"about":[{"href":"https:\/\/le-sillon-conseil.fr\/index.php\/wp-json\/wp\/v2\/types\/page"}],"author":[{"embeddable":true,"href":"https:\/\/le-sillon-conseil.fr\/index.php\/wp-json\/wp\/v2\/users\/1"}],"replies":[{"embeddable":true,"href":"https:\/\/le-sillon-conseil.fr\/index.php\/wp-json\/wp\/v2\/comments?post=92"}],"version-history":[{"count":11,"href":"https:\/\/le-sillon-conseil.fr\/index.php\/wp-json\/wp\/v2\/pages\/92\/revisions"}],"predecessor-version":[{"id":142,"href":"https:\/\/le-sillon-conseil.fr\/index.php\/wp-json\/wp\/v2\/pages\/92\/revisions\/142"}],"wp:attachment":[{"href":"https:\/\/le-sillon-conseil.fr\/index.php\/wp-json\/wp\/v2\/media?parent=92"}],"curies":[{"name":"wp","href":"https:\/\/api.w.org\/{rel}","templated":true}]}}